{"id":329,"date":"2015-09-07T13:17:49","date_gmt":"2015-09-07T11:17:49","guid":{"rendered":"http:\/\/tobi-kurz.de\/?page_id=329"},"modified":"2024-07-17T17:43:55","modified_gmt":"2024-07-17T15:43:55","slug":"erfolg","status":"publish","type":"page","link":"https:\/\/tobi-kurz.de\/index.php\/erfolg","title":{"rendered":"ERFOLG"},"content":{"rendered":"<p style=\"text-align: right;\"><strong>Los geht\u00b4s\u00a0 <a href=\"https:\/\/tobi-kurz.de\/?p=354\"><img loading=\"lazy\" class=\"size-full wp-image-628 alignnone\" src=\"https:\/\/tobi-kurz.de\/wp-content\/uploads\/2015\/09\/pfeil_rechts-e1441659205955.gif\" alt=\"pfeil_rechts\" width=\"20\" height=\"20\" \/><\/a><a href=\"https:\/\/tobi-kurz.de\/?p=354\"> \u00a0 1<\/a> \u00a0 <a href=\"https:\/\/tobi-kurz.de\/?p=356\">2<\/a> \u00a0 <a href=\"https:\/\/tobi-kurz.de\/?p=358\">3<\/a> \u00a0 <a href=\"https:\/\/tobi-kurz.de\/?p=360\">4<\/a> \u00a0 <a href=\"https:\/\/tobi-kurz.de\/?p=362\">5<\/a> \u00a0 <a href=\"https:\/\/tobi-kurz.de\/?p=364\">6<\/a> \u00a0 <a href=\"https:\/\/tobi-kurz.de\/?p=366\">7<\/a> \u00a0 <a href=\"https:\/\/tobi-kurz.de\/?p=368\">8<\/a> \u00a0 <a href=\"https:\/\/tobi-kurz.de\/?p=370\">9<\/a> \u00a0 <a href=\"https:\/\/tobi-kurz.de\/?p=372\">10<\/a> \u00a0 <a href=\"https:\/\/tobi-kurz.de\/?p=374\">11<\/a> \u00a0 <a href=\"https:\/\/tobi-kurz.de\/?p=376\">12<\/a> \u00a0 <a href=\"https:\/\/tobi-kurz.de\/?p=378\">13<\/a> \u00a0 <a href=\"https:\/\/tobi-kurz.de\/?p=380\">14<\/a> \u00a0 <a href=\"https:\/\/tobi-kurz.de\/?p=382\">15<\/a> \u00a0 <a href=\"https:\/\/tobi-kurz.de\/?p=384\">16<\/a> \u00a0 <a href=\"https:\/\/tobi-kurz.de\/?p=386\">17<\/a> \u00a0 <a href=\"https:\/\/tobi-kurz.de\/?p=388\">18<\/a> \u00a0 <a href=\"https:\/\/tobi-kurz.de\/?p=390\">19<\/a><\/strong><\/p>\n<h6 style=\"text-align: left;\">Wer immer nur denkt oder sagt: \u201eIch kann das nicht!\u201c setzt sich nur selbst unn\u00f6tige Grenzen.<\/h6>\n<h6 style=\"text-align: left;\">Wer selbst kein Ziel hat, arbeitet automatisch f\u00fcr die Ziele Anderer!<\/h6>\n<h6 style=\"text-align: left;\">Wer sein eigenes Leben aufgibt und&#8230;<\/h6>\n<ul>\n<li>die Schuld \u00fcber seine jetzige Situation auf andere Menschen schiebt,<\/li>\n<li>sich seinem negativen Umfeld anpasst, weil er keine andere M\u00f6glichkeit sieht,<\/li>\n<li>etwas macht, was er nicht liebt,<\/li>\n<li>sich nicht weiter entwickelt, lernt und dabei w\u00e4chst und neue M\u00f6glichkeiten schafft,<\/li>\n<li>wer einfach nur noch in den Tag hinein bzw. \u00fcberlebt,<\/li>\n<\/ul>\n<h6 style=\"text-align: left;\">DER HAT &#8211; so hart es auch klingt &#8211; AUFGEH\u00d6RT ZU LEBEN!<\/h6>\n<h5 style=\"text-align: left;\">Denk an die Hummel!<\/h5>\n<p><a href=\"https:\/\/tobi-kurz.de\/?p=153\"><img loading=\"lazy\" class=\"wp-image-417 alignleft\" src=\"https:\/\/tobi-kurz.de\/wp-content\/uploads\/2015\/09\/HummelLi.png\" alt=\"HummelLi\" width=\"166\" height=\"184\" srcset=\"https:\/\/tobi-kurz.de\/wp-content\/uploads\/2015\/09\/HummelLi.png 259w, https:\/\/tobi-kurz.de\/wp-content\/uploads\/2015\/09\/HummelLi-230x255.png 230w\" sizes=\"(max-width: 166px) 100vw, 166px\" \/><\/a>Die Hummel hat eine Fl\u00fcgelfl\u00e4che von 0,7 cm\u00b2, bei 1,2 g Gewicht.<br \/>\nNach den aerodynamischen Gesetzen,<br \/>\ndie im Windkanal zu beweisen sind, kann die Hummel nicht fliegen.<br \/>\nGr\u00f6\u00dfe, Gewicht und Form ihres K\u00f6rpers, im Verh\u00e4ltnis zur Spannweite ihrer Fl\u00fcgel,<br \/>\nmachen ihr das Fliegen unm\u00f6glich.<\/p>\n<p style=\"text-align: right;\"><a href=\"https:\/\/tobi-kurz.de\/?p=153\"><img loading=\"lazy\" class=\"wp-image-419 alignright\" src=\"https:\/\/tobi-kurz.de\/wp-content\/uploads\/2015\/09\/HummelRe.png\" alt=\"HummelRe\" width=\"96\" height=\"107\" srcset=\"https:\/\/tobi-kurz.de\/wp-content\/uploads\/2015\/09\/HummelRe.png 259w, https:\/\/tobi-kurz.de\/wp-content\/uploads\/2015\/09\/HummelRe-230x255.png 230w\" sizes=\"(max-width: 96px) 100vw, 96px\" \/><\/a>Da sich die Hummel dieser wissenschaftlichen Tatsache aber nicht bewu\u00dft wird<br \/>\nund au\u00dferdem mit beachtenswerter Zielstrebigkeit bedacht ist,<br \/>\nfliegt sie eben doch und sammelt t\u00e4glich ein wenig Honig.<\/p>\n<h4 style=\"text-align: right;\">Ich schaffe es!<\/h4>\n<h6>Hier ein tolles Video zum Thema Wertsch\u00e4tzung der eigenen Pers\u00f6nlichkeit<\/h6>\n<p>von dem gro\u00dfartigen Kabarettisten Georg Schramm. &#8211; Du bist ein Sieger!<\/p>\n<p><iframe loading=\"lazy\" src=\"https:\/\/www.youtube.com\/embed\/aQMVdIySaxE?rel=0&amp;controls=0&amp;showinfo=0\" width=\"420\" height=\"315\" frameborder=\"0\" allowfullscreen=\"allowfullscreen\"><\/iframe><a href=\"https:\/\/tobi-kurz.de\/wp-content\/uploads\/2015\/09\/rand_unten.png\"><img loading=\"lazy\" class=\"size-full wp-image-703 aligncenter\" src=\"https:\/\/tobi-kurz.de\/wp-content\/uploads\/2015\/09\/rand_unten.png\" alt=\"rand_unten\" width=\"610\" height=\"39\" srcset=\"https:\/\/tobi-kurz.de\/wp-content\/uploads\/2015\/09\/rand_unten.png 610w, https:\/\/tobi-kurz.de\/wp-content\/uploads\/2015\/09\/rand_unten-300x19.png 300w, https:\/\/tobi-kurz.de\/wp-content\/uploads\/2015\/09\/rand_unten-550x35.png 550w, https:\/\/tobi-kurz.de\/wp-content\/uploads\/2015\/09\/rand_unten-230x15.png 230w\" sizes=\"(max-width: 610px) 100vw, 610px\" \/><\/a><\/p>\n<p align=\"justify\">Wunder geschehen augenblicklich! Ob es allerdings R\u00fcckschritt oder Fortschritt hei\u00dft, bestimmt Ihr Selbstvertrauen. Zweifeln Sie an Ihrer Leistungsf\u00e4higkeit, so wird sich der R\u00fcckschritt verwirklichen. <strong>Glauben Sie an sich selbst und daran, dass Sie kurz vor einem gro\u00dfen Erfolg stehen, so wird die Wunderkraft Ihrer positiven Erwartung ihn sichtbar machen.<\/strong><\/p>\n<p>________________________<\/p>\n<p style=\"text-align: left;\">Nutzt f\u00fcr eure eigene berufliche und pers\u00f6nliche Weiterentwicklung &#8211;<strong> egal ob mit oder ohne uns<\/strong> &#8211;<br \/>\nalle erdenklichen Informationen von Menschen, die genau wissen, wie es geht!<\/p>\n<h6 style=\"text-align: left;\">Und setzt dann diese Informationen f\u00fcr euch selbst um!<\/h6>\n<p><a href=\"http:\/\/www.cb.power-days.info\/\" target=\"_blank\" rel=\"noopener\"><img loading=\"lazy\" class=\" wp-image-644 alignleft\" src=\"https:\/\/tobi-kurz.de\/wp-content\/uploads\/2015\/09\/pd_hoeller-300x118.jpg\" alt=\"pd_hoeller\" width=\"211\" height=\"83\" srcset=\"https:\/\/tobi-kurz.de\/wp-content\/uploads\/2015\/09\/pd_hoeller-300x118.jpg 300w, https:\/\/tobi-kurz.de\/wp-content\/uploads\/2015\/09\/pd_hoeller-230x91.jpg 230w, https:\/\/tobi-kurz.de\/wp-content\/uploads\/2015\/09\/pd_hoeller.jpg 320w\" sizes=\"(max-width: 211px) 100vw, 211px\" \/><\/a><br \/>\nWir empfehlen euch dazu unter anderem<\/p>\n<p><strong><a href=\"http:\/\/www.juergenhoeller.com\/\" target=\"_blank\" rel=\"noopener\">J\u00fcrgen H\u00f6ller <\/a><\/strong>mit seinem fantastischen Team.<\/p>\n<p><strong>Wie auch Du<\/strong><strong><a href=\"http:\/\/www.cb.power-days.info\/\" target=\"_blank\" rel=\"noopener\"><img loading=\"lazy\" class=\"size-medium wp-image-645 alignright\" src=\"https:\/\/tobi-kurz.de\/wp-content\/uploads\/2015\/09\/PD_Logo-300x177.png\" alt=\"PD_Logo\" width=\"300\" height=\"177\" srcset=\"https:\/\/tobi-kurz.de\/wp-content\/uploads\/2015\/09\/PD_Logo-300x177.png 300w, https:\/\/tobi-kurz.de\/wp-content\/uploads\/2015\/09\/PD_Logo-230x135.png 230w, https:\/\/tobi-kurz.de\/wp-content\/uploads\/2015\/09\/PD_Logo.png 333w\" sizes=\"(max-width: 300px) 100vw, 300px\" \/><\/a><\/strong><\/p>\n<ul>\n<li><strong>alles in Deinem Leben ver\u00e4ndern,<\/strong><\/li>\n<li><strong>alles verbessern,<\/strong><\/li>\n<li><strong>alles aufbauen und<\/strong><\/li>\n<li><strong>erfolgreich und gl\u00fccklich leben kannst.<\/strong><\/li>\n<\/ul>\n<p><strong>Genau dies erf\u00e4hrst Du in diesem 2-Tages-Seminar &#8222;<a href=\"http:\/\/www.cb.power-days.info\/\" target=\"_blank\" rel=\"noopener\">Power-Days<\/a>&#8222;! <\/strong><\/p>\n<h6 style=\"text-align: left;\">Ich habe Interesse an mehr Informationen.<\/h6>\n<div class=\"wpforms-container wpforms-container-full\" id=\"wpforms-967\"><form id=\"wpforms-form-967\" class=\"wpforms-validate wpforms-form\" data-formid=\"967\" method=\"post\" enctype=\"multipart\/form-data\" action=\"\/index.php\/wp-json\/wp\/v2\/pages\/329\" data-token=\"726720ae78f2d78a4fce2f248555380c\"><noscript class=\"wpforms-error-noscript\">Bitte aktiviere JavaScript in deinem Browser, um dieses Formular fertigzustellen.<\/noscript><div class=\"wpforms-field-container\"><div id=\"wpforms-967-field_2-container\" class=\"wpforms-field wpforms-field-name\" data-field-id=\"2\"><label class=\"wpforms-field-label\" for=\"wpforms-967-field_2\">Name <span class=\"wpforms-required-label\">*<\/span><\/label><div class=\"wpforms-field-row wpforms-field-large\"><div class=\"wpforms-field-row-block wpforms-first wpforms-one-half\"><input type=\"text\" id=\"wpforms-967-field_2\" class=\"wpforms-field-name-first wpforms-field-required\" name=\"wpforms[fields][2][first]\" placeholder=\"Vorname\" required><label for=\"wpforms-967-field_2\" class=\"wpforms-field-sublabel after wpforms-sublabel-hide\">Vorname<\/label><\/div><div class=\"wpforms-field-row-block wpforms-one-half\"><input type=\"text\" id=\"wpforms-967-field_2-last\" class=\"wpforms-field-name-last wpforms-field-required\" name=\"wpforms[fields][2][last]\" placeholder=\"Familienname\" required><label for=\"wpforms-967-field_2-last\" class=\"wpforms-field-sublabel after wpforms-sublabel-hide\">Nachname<\/label><\/div><\/div><\/div><div id=\"wpforms-967-field_3-container\" class=\"wpforms-field wpforms-field-email\" data-field-id=\"3\"><label class=\"wpforms-field-label\" for=\"wpforms-967-field_3\">E-Mail <span class=\"wpforms-required-label\">*<\/span><\/label><input type=\"email\" id=\"wpforms-967-field_3\" class=\"wpforms-field-medium wpforms-field-required\" name=\"wpforms[fields][3]\" placeholder=\"An welche e-Post Adresse d\u00fcrfen wir Ihnen antworten?\" required><\/div><div id=\"wpforms-967-field_4-container\" class=\"wpforms-field wpforms-field-phone\" data-field-id=\"4\"><label class=\"wpforms-field-label\" for=\"wpforms-967-field_4\">Telefonnummer<\/label><input type=\"tel\" id=\"wpforms-967-field_4\" class=\"wpforms-field-medium\" data-rule-int-phone-field=\"true\" name=\"wpforms[fields][4]\" placeholder=\"F\u00fcr einen gew\u00fcnschten R\u00fcckruf\" ><\/div><div id=\"wpforms-967-field_5-container\" class=\"wpforms-field wpforms-field-checkbox wpforms-conditional-trigger\" data-field-id=\"5\"><label class=\"wpforms-field-label\" for=\"wpforms-967-field_5\">R\u00fcckruf erw\u00fcnscht?<\/label><ul id=\"wpforms-967-field_5\"><li class=\"choice-1 depth-1\"><input type=\"checkbox\" id=\"wpforms-967-field_5_1\" name=\"wpforms[fields][5][]\" value=\"Ja, bitte rufen Sie mich zur\u00fcck.\"  ><label class=\"wpforms-field-label-inline\" for=\"wpforms-967-field_5_1\">Ja, bitte rufen Sie mich zur\u00fcck.<\/label><\/li><\/ul><\/div><div id=\"wpforms-967-field_6-container\" class=\"wpforms-field wpforms-field-date-time wpforms-conditional-field wpforms-conditional-show\" data-field-id=\"6\" style=\"display:none;\"><label class=\"wpforms-field-label\" for=\"wpforms-967-field_6\">Datum\/Zeit<\/label><div class=\"wpforms-field-row wpforms-field-medium\"><div class=\"wpforms-field-row-block wpforms-one-half wpforms-first\"><div class=\"wpforms-datepicker-wrap\"><input type=\"text\" id=\"wpforms-967-field_6\" class=\"wpforms-field-date-time-date wpforms-datepicker\" data-date-format=\"d\/m\/Y\" data-disable-past-dates=\"0\" data-input=\"true\" name=\"wpforms[fields][6][date]\" placeholder=\"Datum\" ><a title=\"Datum leeren\" data-clear class=\"wpforms-datepicker-clear\" style=\"display:none;\"><\/a><\/div><label for=\"wpforms-967-field_6\" class=\"wpforms-field-sublabel after wpforms-sublabel-hide\">Datum<\/label><\/div><div class=\"wpforms-field-row-block wpforms-one-half\"><input type=\"text\" id=\"wpforms-967-field_6-time\" class=\"wpforms-field-date-time-time wpforms-timepicker\" data-rule-time24h=\"true\" data-time-format=\"H:i\" data-step=\"15\" data-min-time=\"09:00\" data-max-time=\"21:00\" name=\"wpforms[fields][6][time]\" placeholder=\"Uhrzeit\" ><label for=\"wpforms-967-field_6-time\" class=\"wpforms-field-sublabel after wpforms-sublabel-hide\">Zeit<\/label><\/div><\/div><\/div><div id=\"wpforms-967-field_1-container\" class=\"wpforms-field wpforms-field-text\" data-field-id=\"1\"><label class=\"wpforms-field-label\" for=\"wpforms-967-field_1\">Betreff<\/label><input type=\"text\" id=\"wpforms-967-field_1\" class=\"wpforms-field-medium\" name=\"wpforms[fields][1]\" placeholder=\"Was ist Ihr Anliegen?\" ><\/div><div id=\"wpforms-967-field_7-container\" class=\"wpforms-field wpforms-field-textarea\" data-field-id=\"7\"><label class=\"wpforms-field-label\" for=\"wpforms-967-field_7\">Ihre Nachricht<\/label><textarea id=\"wpforms-967-field_7\" class=\"wpforms-field-medium\" name=\"wpforms[fields][7]\" ><\/textarea><\/div><div id=\"wpforms-967-field_8-container\" class=\"wpforms-field wpforms-field-captcha\" data-field-id=\"8\"><label class=\"wpforms-field-label\" for=\"wpforms-967-field_8\">Captcha <span class=\"wpforms-required-label\">*<\/span><\/label>\n\t\t\t<p class=\"wpforms-captcha-question\">Wieviele Bundesl\u00e4nder hat die BRiD?<\/p>\n\n\t\t\t<input type=\"text\" id=\"wpforms-967-field_8\" class=\"wpforms-field-medium wpforms-field-required a\" data-rule-wpf-captcha=\"qa\" data-a=\"sechzehn\" name=\"wpforms[fields][8][a]\" placeholder=\"bitte als Wort ausf\u00fcllen\" required>\n\t\t\t<input type=\"hidden\" name=\"wpforms[fields][8][q]\" value=\"1\">\n\n\t\t\t<\/div><div id=\"wpforms-967-field_9-container\" class=\"wpforms-field wpforms-field-gdpr-checkbox\" data-field-id=\"9\"><label class=\"wpforms-field-label\" for=\"wpforms-967-field_9\">DSGVO-Einverst\u00e4ndnis <span class=\"wpforms-required-label\">*<\/span><\/label><ul id=\"wpforms-967-field_9\" class=\"wpforms-field-required\"><li class=\"choice-1\"><input type=\"checkbox\" id=\"wpforms-967-field_9_1\" name=\"wpforms[fields][9][]\" value=\"Ich willige ein, dass diese Website meine \u00fcbermittelten Informationen speichert, sodass meine Anfrage beantwortet werden kann.\" required ><label class=\"wpforms-field-label-inline\" for=\"wpforms-967-field_9_1\">Ich willige ein, dass diese Website meine \u00fcbermittelten Informationen speichert, sodass meine Anfrage beantwortet werden kann.<\/label><\/li><\/ul><\/div><\/div><div class=\"wpforms-submit-container\" ><input type=\"hidden\" name=\"wpforms[id]\" value=\"967\"><input type=\"hidden\" name=\"wpforms[author]\" value=\"1\"><button type=\"submit\" name=\"wpforms[submit]\" class=\"wpforms-submit \" id=\"wpforms-submit-967\" value=\"wpforms-submit\" aria-live=\"assertive\" data-alt-text=\"Senden...\" data-submit-text=\"Absenden\">Absenden<\/button><\/div><\/form><\/div>  <!-- .wpforms-container -->\n<p style=\"text-align: right;\"><strong>Audio-Vortrag von J\u00fcrgen H\u00f6ller &#8211; &#8222;Der Reichtum liegt im Glauben&#8220;<br \/>\n<a href=\"https:\/\/tobi-kurz.de\/JuergenHoeller.mp3\" target=\"_blank\" rel=\"noopener\">Wie Sie erfolgreicher und gl\u00fccklicher sein k\u00f6nnen. (Dauer ca. 70min)<\/a><\/strong><\/p>\n","protected":false},"excerpt":{"rendered":"<p>Los geht\u00b4s\u00a0 \u00a0 1 \u00a0 2 \u00a0 3 \u00a0 4 \u00a0 5 \u00a0 6 \u00a0 7 \u00a0 8 \u00a0 9 \u00a0 10 \u00a0 11 \u00a0 12 \u00a0 13 \u00a0 14 \u00a0 15 \u00a0 16 \u00a0 17 \u00a0 18 \u00a0 19 Wer immer nur denkt oder sagt: \u201eIch kann das nicht!\u201c setzt sich nur selbst unn\u00f6tige [&hellip;]<\/p>\n","protected":false},"author":1,"featured_media":0,"parent":0,"menu_order":0,"comment_status":"closed","ping_status":"closed","template":"","meta":[],"_links":{"self":[{"href":"https:\/\/tobi-kurz.de\/index.php\/wp-json\/wp\/v2\/pages\/329"}],"collection":[{"href":"https:\/\/tobi-kurz.de\/index.php\/wp-json\/wp\/v2\/pages"}],"about":[{"href":"https:\/\/tobi-kurz.de\/index.php\/wp-json\/wp\/v2\/types\/page"}],"author":[{"embeddable":true,"href":"https:\/\/tobi-kurz.de\/index.php\/wp-json\/wp\/v2\/users\/1"}],"replies":[{"embeddable":true,"href":"https:\/\/tobi-kurz.de\/index.php\/wp-json\/wp\/v2\/comments?post=329"}],"version-history":[{"count":73,"href":"https:\/\/tobi-kurz.de\/index.php\/wp-json\/wp\/v2\/pages\/329\/revisions"}],"predecessor-version":[{"id":1029,"href":"https:\/\/tobi-kurz.de\/index.php\/wp-json\/wp\/v2\/pages\/329\/revisions\/1029"}],"wp:attachment":[{"href":"https:\/\/tobi-kurz.de\/index.php\/wp-json\/wp\/v2\/media?parent=329"}],"curies":[{"name":"wp","href":"https:\/\/api.w.org\/{rel}","templated":true}]}}