{"id":360,"date":"2015-09-07T11:59:19","date_gmt":"2015-09-07T09:59:19","guid":{"rendered":"http:\/\/tobi-kurz.de\/?page_id=360"},"modified":"2021-06-03T10:01:14","modified_gmt":"2021-06-03T08:01:14","slug":"erfolg-teil-4","status":"publish","type":"page","link":"https:\/\/tobi-kurz.de\/index.php\/erfolg-teil-4","title":{"rendered":"ERFOLG &#8211; Teil 4"},"content":{"rendered":"<p style=\"text-align: right;\"><strong>\u00a0<a href=\"https:\/\/tobi-kurz.de\/?p=354\"> 1<\/a> \u00a0 <a href=\"https:\/\/tobi-kurz.de\/?p=356\">2<\/a> \u00a0 <a href=\"https:\/\/tobi-kurz.de\/?p=358\">3<\/a> \u00a0 4 \u00a0 <a href=\"https:\/\/tobi-kurz.de\/?p=362\">5<\/a> \u00a0 <a href=\"https:\/\/tobi-kurz.de\/?p=364\">6<\/a> \u00a0 <a href=\"https:\/\/tobi-kurz.de\/?p=366\">7<\/a> \u00a0 <a href=\"https:\/\/tobi-kurz.de\/?p=368\">8<\/a> \u00a0 <a href=\"https:\/\/tobi-kurz.de\/?p=370\">9<\/a> \u00a0 <a href=\"https:\/\/tobi-kurz.de\/?p=372\">10<\/a> \u00a0 <a href=\"https:\/\/tobi-kurz.de\/?p=374\">11<\/a> \u00a0 <a href=\"https:\/\/tobi-kurz.de\/?p=376\">12<\/a> \u00a0 <a href=\"https:\/\/tobi-kurz.de\/?p=378\">13<\/a> \u00a0 <a href=\"https:\/\/tobi-kurz.de\/?p=380\">14<\/a> \u00a0 <a href=\"https:\/\/tobi-kurz.de\/?p=382\">15<\/a> \u00a0 <a href=\"https:\/\/tobi-kurz.de\/?p=384\">16<\/a> \u00a0 <a href=\"https:\/\/tobi-kurz.de\/?p=386\">17<\/a> \u00a0 <a href=\"https:\/\/tobi-kurz.de\/?p=388\">18<\/a> \u00a0 <a href=\"https:\/\/tobi-kurz.de\/?p=390\">19<\/a><\/strong><\/p>\n<h6 style=\"text-align: left;\"><\/h6>\n<h6 style=\"text-align: left;\">Erfolg hat nur zwei Gegner: Angst und Zweifel!<\/h6>\n<p>Die Frage ist eigentlich nicht, wie Sie erfolgreicher werden, sondern warum Sie noch nicht so erfolgreich sind, wie Sie es sein k\u00f6nnten. Was hindert Sie daran, den Durchbruch zu erziehen, endlich den Erfolg zu erreichen, der Ihnen zusteht?<\/p>\n<p><strong>Sie h\u00f6ren zu viel auf zwei schlechte Lebensberater, die Ihren Erfolg nicht wollen:<\/strong><\/p>\n<p>Das eine ist der Lebensberater Angst, und das andere der Lebensberater Zweifel (wenn Sie genau hinsehen, werden Sie erkennen, dass es Zwillinge sind).<\/p>\n<p>Angst das zu tun, was zu tun ist und Zweifel an sich selbst. Der Misserfolgsberater Angst fl\u00fcstert Ihnen st\u00e4ndig ins Ohr: &#8222;Das kannst du nicht!&#8220;, &#8222;Das schaffst du nie!&#8220;, &#8222;Geh blo\u00df kein Risiko ein!&#8220; Sie kennen seine Spr\u00fcche!<\/p>\n<p>Der Misserfolgsberater Zweifel h\u00e4ngt Ihnen st\u00e4ndig im Ohr: &#8222;Vielleicht gibt es doch noch etwas Besseres?&#8220;, &#8222;Bist du dir wirklich sicher?&#8220;, &#8222;Bist du wirklich 100% vorbereitet?&#8220; &#8222;Was ist, wenn&#8217;s nicht klappt?&#8220; und andere wenig hilfreiche, zweifelhafte Fragen.<\/p>\n<h5 style=\"text-align: left;\"><\/h5>\n<h6 style=\"text-align: left;\">Trennen Sie sich von diesen Miesmachern:<\/h6>\n<p><strong>Tsch\u00fcss, ich brauche euch ab heute nicht mehr!<\/strong><br \/>\n<strong> Ich engagiere jetzt Lebensberater des Erfolgs!<\/strong><\/p>\n<h6 style=\"text-align: left;\">Merke:<\/h6>\n<h6 style=\"text-align: left;\">Angst und Zweifel halten Sie davon ab zu handeln.<br \/>\nOhne Handeln keinen Erfolg!<\/h6>\n<p><a href=\"https:\/\/tobi-kurz.de\/?p=153\"><img loading=\"lazy\" class=\" wp-image-417 alignleft\" src=\"https:\/\/tobi-kurz.de\/wp-content\/uploads\/2015\/09\/HummelLi.png\" alt=\"HummelLi\" width=\"136\" height=\"151\" srcset=\"https:\/\/tobi-kurz.de\/wp-content\/uploads\/2015\/09\/HummelLi.png 259w, https:\/\/tobi-kurz.de\/wp-content\/uploads\/2015\/09\/HummelLi-230x255.png 230w\" sizes=\"(max-width: 136px) 100vw, 136px\" \/><\/a>Wenn Sie wieder in Handlungsunf\u00e4higkeit erstarren, fragen Sie sich: Wovor habe ich Angst? Woran zweifle ich?<br \/>\nUnd dann: Verschwindet aus meinem Leben! Und jetzt geht&#8217;s ab durch die Mitte!<br \/>\nSie werden feststellen: Je weniger Sie auf diese zweifelhaften und \u00e4ngstlichen Kollegen und Kolleginnen h\u00f6ren, desto mehr werden Sie von Ihnen in Ruhe gelassen. Je weniger Energie sie ihnen schenken, desto kraftloser werden sie. Wenn Sie Ihnen keine Aufmerksamkeit mehr geben, l\u00f6sen sie sich schon bald in Wohlgefallen auf. Versprochen.<\/p>\n<h6>Hier ein tolles Video zum Thema Wertsch\u00e4tzung der eigenen Pers\u00f6nlichkeit<\/h6>\n<p>von dem gro\u00dfartigen Kabarettisten Georg Schramm. &#8211; Du bist ein Sieger!<\/p>\n<p><iframe loading=\"lazy\" src=\"https:\/\/www.youtube.com\/embed\/aQMVdIySaxE?rel=0&amp;controls=0&amp;showinfo=0\" width=\"420\" height=\"315\" frameborder=\"0\" allowfullscreen=\"allowfullscreen\"><\/iframe><a href=\"https:\/\/tobi-kurz.de\/wp-content\/uploads\/2015\/09\/rand_unten.png\"><img loading=\"lazy\" class=\"size-full wp-image-703 aligncenter\" src=\"https:\/\/tobi-kurz.de\/wp-content\/uploads\/2015\/09\/rand_unten.png\" alt=\"rand_unten\" width=\"610\" height=\"39\" srcset=\"https:\/\/tobi-kurz.de\/wp-content\/uploads\/2015\/09\/rand_unten.png 610w, https:\/\/tobi-kurz.de\/wp-content\/uploads\/2015\/09\/rand_unten-300x19.png 300w, https:\/\/tobi-kurz.de\/wp-content\/uploads\/2015\/09\/rand_unten-550x35.png 550w, https:\/\/tobi-kurz.de\/wp-content\/uploads\/2015\/09\/rand_unten-230x15.png 230w\" sizes=\"(max-width: 610px) 100vw, 610px\" \/><\/a><\/p>\n<h6>\u201eEs muss einfach gehen, sonst geht es einfach nicht!\u201c<\/h6>\n<h6 style=\"text-align: left;\">Tragen Sie JETZT einfach hier Ihre Daten ein!<\/h6>\n<p><a href=\"https:\/\/tobi-kurz.de\/wp-content\/uploads\/2015\/08\/pfeilRunter.gif\"><img loading=\"lazy\" class=\"alignnone wp-image-325 size-full\" src=\"https:\/\/tobi-kurz.de\/wp-content\/uploads\/2015\/08\/pfeilRunter.gif\" alt=\"\" width=\"20\" height=\"60\" \/><\/a> <a href=\"https:\/\/tobi-kurz.de\/wp-content\/uploads\/2015\/08\/pfeilRunter.gif\"><img loading=\"lazy\" class=\"alignnone wp-image-325 size-full\" src=\"https:\/\/tobi-kurz.de\/wp-content\/uploads\/2015\/08\/pfeilRunter.gif\" alt=\"\" width=\"20\" height=\"60\" \/><\/a> <a href=\"https:\/\/tobi-kurz.de\/wp-content\/uploads\/2015\/08\/pfeilRunter.gif\"><img loading=\"lazy\" class=\"alignnone wp-image-325 size-full\" src=\"https:\/\/tobi-kurz.de\/wp-content\/uploads\/2015\/08\/pfeilRunter.gif\" alt=\"\" width=\"20\" height=\"60\" \/><\/a> <a href=\"https:\/\/tobi-kurz.de\/wp-content\/uploads\/2015\/08\/pfeilRunter.gif\"><img loading=\"lazy\" class=\"alignnone wp-image-325 size-full\" src=\"https:\/\/tobi-kurz.de\/wp-content\/uploads\/2015\/08\/pfeilRunter.gif\" alt=\"\" width=\"20\" height=\"60\" \/><\/a> <a href=\"https:\/\/tobi-kurz.de\/wp-content\/uploads\/2015\/08\/pfeilRunter.gif\"><img loading=\"lazy\" class=\"alignnone wp-image-325 size-full\" src=\"https:\/\/tobi-kurz.de\/wp-content\/uploads\/2015\/08\/pfeilRunter.gif\" alt=\"\" width=\"20\" height=\"60\" \/> <\/a><a href=\"https:\/\/tobi-kurz.de\/wp-content\/uploads\/2015\/08\/pfeilRunter.gif\"><img loading=\"lazy\" class=\"alignnone wp-image-325 size-full\" src=\"https:\/\/tobi-kurz.de\/wp-content\/uploads\/2015\/08\/pfeilRunter.gif\" alt=\"\" width=\"20\" height=\"60\" \/><\/a> <a href=\"https:\/\/tobi-kurz.de\/wp-content\/uploads\/2015\/08\/pfeilRunter.gif\"><img loading=\"lazy\" class=\"alignnone wp-image-325 size-full\" src=\"https:\/\/tobi-kurz.de\/wp-content\/uploads\/2015\/08\/pfeilRunter.gif\" alt=\"\" width=\"20\" height=\"60\" \/> <\/a><a href=\"https:\/\/tobi-kurz.de\/wp-content\/uploads\/2015\/08\/pfeilRunter.gif\"><img loading=\"lazy\" class=\"alignnone wp-image-325 size-full\" src=\"https:\/\/tobi-kurz.de\/wp-content\/uploads\/2015\/08\/pfeilRunter.gif\" alt=\"\" width=\"20\" height=\"60\" \/><\/a><\/p>\n<div class=\"wpforms-container wpforms-container-full\" id=\"wpforms-967\"><form id=\"wpforms-form-967\" class=\"wpforms-validate wpforms-form\" data-formid=\"967\" method=\"post\" enctype=\"multipart\/form-data\" action=\"\/index.php\/wp-json\/wp\/v2\/pages\/360\" data-token=\"68543cd726b1ca97e33289c49aabf2a2\"><noscript class=\"wpforms-error-noscript\">Bitte aktiviere JavaScript in deinem Browser, um dieses Formular fertigzustellen.<\/noscript><div class=\"wpforms-field-container\"><div id=\"wpforms-967-field_2-container\" class=\"wpforms-field wpforms-field-name\" data-field-id=\"2\"><label class=\"wpforms-field-label\" for=\"wpforms-967-field_2\">Name <span class=\"wpforms-required-label\">*<\/span><\/label><div class=\"wpforms-field-row wpforms-field-large\"><div class=\"wpforms-field-row-block wpforms-first wpforms-one-half\"><input type=\"text\" id=\"wpforms-967-field_2\" class=\"wpforms-field-name-first wpforms-field-required\" name=\"wpforms[fields][2][first]\" placeholder=\"Vorname\" required><label for=\"wpforms-967-field_2\" class=\"wpforms-field-sublabel after wpforms-sublabel-hide\">Vorname<\/label><\/div><div class=\"wpforms-field-row-block wpforms-one-half\"><input type=\"text\" id=\"wpforms-967-field_2-last\" class=\"wpforms-field-name-last wpforms-field-required\" name=\"wpforms[fields][2][last]\" placeholder=\"Familienname\" required><label for=\"wpforms-967-field_2-last\" class=\"wpforms-field-sublabel after wpforms-sublabel-hide\">Nachname<\/label><\/div><\/div><\/div><div id=\"wpforms-967-field_3-container\" class=\"wpforms-field wpforms-field-email\" data-field-id=\"3\"><label class=\"wpforms-field-label\" for=\"wpforms-967-field_3\">E-Mail <span class=\"wpforms-required-label\">*<\/span><\/label><input type=\"email\" id=\"wpforms-967-field_3\" class=\"wpforms-field-medium wpforms-field-required\" name=\"wpforms[fields][3]\" placeholder=\"An welche e-Post Adresse d\u00fcrfen wir Ihnen antworten?\" required><\/div><div id=\"wpforms-967-field_4-container\" class=\"wpforms-field wpforms-field-phone\" data-field-id=\"4\"><label class=\"wpforms-field-label\" for=\"wpforms-967-field_4\">Telefonnummer<\/label><input type=\"tel\" id=\"wpforms-967-field_4\" class=\"wpforms-field-medium\" data-rule-int-phone-field=\"true\" name=\"wpforms[fields][4]\" placeholder=\"F\u00fcr einen gew\u00fcnschten R\u00fcckruf\" ><\/div><div id=\"wpforms-967-field_5-container\" class=\"wpforms-field wpforms-field-checkbox wpforms-conditional-trigger\" data-field-id=\"5\"><label class=\"wpforms-field-label\" for=\"wpforms-967-field_5\">R\u00fcckruf erw\u00fcnscht?<\/label><ul id=\"wpforms-967-field_5\"><li class=\"choice-1 depth-1\"><input type=\"checkbox\" id=\"wpforms-967-field_5_1\" name=\"wpforms[fields][5][]\" value=\"Ja, bitte rufen Sie mich zur\u00fcck.\"  ><label class=\"wpforms-field-label-inline\" for=\"wpforms-967-field_5_1\">Ja, bitte rufen Sie mich zur\u00fcck.<\/label><\/li><\/ul><\/div><div id=\"wpforms-967-field_6-container\" class=\"wpforms-field wpforms-field-date-time wpforms-conditional-field wpforms-conditional-show\" data-field-id=\"6\" style=\"display:none;\"><label class=\"wpforms-field-label\" for=\"wpforms-967-field_6\">Datum\/Zeit<\/label><div class=\"wpforms-field-row wpforms-field-medium\"><div class=\"wpforms-field-row-block wpforms-one-half wpforms-first\"><div class=\"wpforms-datepicker-wrap\"><input type=\"text\" id=\"wpforms-967-field_6\" class=\"wpforms-field-date-time-date wpforms-datepicker\" data-date-format=\"d\/m\/Y\" data-disable-past-dates=\"0\" data-input=\"true\" name=\"wpforms[fields][6][date]\" placeholder=\"Datum\" ><a title=\"Datum leeren\" data-clear class=\"wpforms-datepicker-clear\" style=\"display:none;\"><\/a><\/div><label for=\"wpforms-967-field_6\" class=\"wpforms-field-sublabel after wpforms-sublabel-hide\">Datum<\/label><\/div><div class=\"wpforms-field-row-block wpforms-one-half\"><input type=\"text\" id=\"wpforms-967-field_6-time\" class=\"wpforms-field-date-time-time wpforms-timepicker\" data-rule-time24h=\"true\" data-time-format=\"H:i\" data-step=\"15\" data-min-time=\"09:00\" data-max-time=\"21:00\" name=\"wpforms[fields][6][time]\" placeholder=\"Uhrzeit\" ><label for=\"wpforms-967-field_6-time\" class=\"wpforms-field-sublabel after wpforms-sublabel-hide\">Zeit<\/label><\/div><\/div><\/div><div id=\"wpforms-967-field_1-container\" class=\"wpforms-field wpforms-field-text\" data-field-id=\"1\"><label class=\"wpforms-field-label\" for=\"wpforms-967-field_1\">Betreff<\/label><input type=\"text\" id=\"wpforms-967-field_1\" class=\"wpforms-field-medium\" name=\"wpforms[fields][1]\" placeholder=\"Was ist Ihr Anliegen?\" ><\/div><div id=\"wpforms-967-field_7-container\" class=\"wpforms-field wpforms-field-textarea\" data-field-id=\"7\"><label class=\"wpforms-field-label\" for=\"wpforms-967-field_7\">Ihre Nachricht<\/label><textarea id=\"wpforms-967-field_7\" class=\"wpforms-field-medium\" name=\"wpforms[fields][7]\" ><\/textarea><\/div><div id=\"wpforms-967-field_8-container\" class=\"wpforms-field wpforms-field-captcha\" data-field-id=\"8\"><label class=\"wpforms-field-label\" for=\"wpforms-967-field_8\">Captcha <span class=\"wpforms-required-label\">*<\/span><\/label>\n\t\t\t<p class=\"wpforms-captcha-question\">Wieviele Bundesl\u00e4nder hat die BRiD?<\/p>\n\n\t\t\t<input type=\"text\" id=\"wpforms-967-field_8\" class=\"wpforms-field-medium wpforms-field-required a\" data-rule-wpf-captcha=\"qa\" data-a=\"sechzehn\" name=\"wpforms[fields][8][a]\" placeholder=\"bitte als Wort ausf\u00fcllen\" required>\n\t\t\t<input type=\"hidden\" name=\"wpforms[fields][8][q]\" value=\"1\">\n\n\t\t\t<\/div><div id=\"wpforms-967-field_9-container\" class=\"wpforms-field wpforms-field-gdpr-checkbox\" data-field-id=\"9\"><label class=\"wpforms-field-label\" for=\"wpforms-967-field_9\">DSGVO-Einverst\u00e4ndnis <span class=\"wpforms-required-label\">*<\/span><\/label><ul id=\"wpforms-967-field_9\" class=\"wpforms-field-required\"><li class=\"choice-1\"><input type=\"checkbox\" id=\"wpforms-967-field_9_1\" name=\"wpforms[fields][9][]\" value=\"Ich willige ein, dass diese Website meine \u00fcbermittelten Informationen speichert, sodass meine Anfrage beantwortet werden kann.\" required ><label class=\"wpforms-field-label-inline\" for=\"wpforms-967-field_9_1\">Ich willige ein, dass diese Website meine \u00fcbermittelten Informationen speichert, sodass meine Anfrage beantwortet werden kann.<\/label><\/li><\/ul><\/div><\/div><div class=\"wpforms-submit-container\" ><input type=\"hidden\" name=\"wpforms[id]\" value=\"967\"><input type=\"hidden\" name=\"wpforms[author]\" value=\"1\"><button type=\"submit\" name=\"wpforms[submit]\" class=\"wpforms-submit \" id=\"wpforms-submit-967\" value=\"wpforms-submit\" aria-live=\"assertive\" data-alt-text=\"Senden...\" data-submit-text=\"Absenden\">Absenden<\/button><\/div><\/form><\/div>  <!-- .wpforms-container -->\n","protected":false},"excerpt":{"rendered":"<p>\u00a0 1 \u00a0 2 \u00a0 3 \u00a0 4 \u00a0 5 \u00a0 6 \u00a0 7 \u00a0 8 \u00a0 9 \u00a0 10 \u00a0 11 \u00a0 12 \u00a0 13 \u00a0 14 \u00a0 15 \u00a0 16 \u00a0 17 \u00a0 18 \u00a0 19 Erfolg hat nur zwei Gegner: Angst und Zweifel! Die Frage ist eigentlich nicht, wie Sie erfolgreicher werden, [&hellip;]<\/p>\n","protected":false},"author":1,"featured_media":0,"parent":0,"menu_order":0,"comment_status":"closed","ping_status":"closed","template":"","meta":[],"_links":{"self":[{"href":"https:\/\/tobi-kurz.de\/index.php\/wp-json\/wp\/v2\/pages\/360"}],"collection":[{"href":"https:\/\/tobi-kurz.de\/index.php\/wp-json\/wp\/v2\/pages"}],"about":[{"href":"https:\/\/tobi-kurz.de\/index.php\/wp-json\/wp\/v2\/types\/page"}],"author":[{"embeddable":true,"href":"https:\/\/tobi-kurz.de\/index.php\/wp-json\/wp\/v2\/users\/1"}],"replies":[{"embeddable":true,"href":"https:\/\/tobi-kurz.de\/index.php\/wp-json\/wp\/v2\/comments?post=360"}],"version-history":[{"count":12,"href":"https:\/\/tobi-kurz.de\/index.php\/wp-json\/wp\/v2\/pages\/360\/revisions"}],"predecessor-version":[{"id":990,"href":"https:\/\/tobi-kurz.de\/index.php\/wp-json\/wp\/v2\/pages\/360\/revisions\/990"}],"wp:attachment":[{"href":"https:\/\/tobi-kurz.de\/index.php\/wp-json\/wp\/v2\/media?parent=360"}],"curies":[{"name":"wp","href":"https:\/\/api.w.org\/{rel}","templated":true}]}}