{"id":682,"date":"2015-09-25T11:42:09","date_gmt":"2015-09-25T09:42:09","guid":{"rendered":"http:\/\/tobi-kurz.de\/?page_id=682"},"modified":"2021-06-23T15:04:24","modified_gmt":"2021-06-23T13:04:24","slug":"der-richtige-zeitpunkt","status":"publish","type":"page","link":"https:\/\/tobi-kurz.de\/index.php\/der-richtige-zeitpunkt","title":{"rendered":"Der richtige Zeitpunkt"},"content":{"rendered":"<h5>zum Beginn Ihrer erfolgreichen Zukunft ist HEUTE und JETZT!<\/h5>\n<p>Warten auch Sie immer noch auf den richtigen Zeitpunkt, um das zu tun, was zu tun w\u00e4re, um den Erfolg zu haben, den Sie gerne h\u00e4tten? Wie viele Ideen und Gedanken haben Sie schon zu Grabe getragen, nur weil Sie (oder Ihr Umfeld) der Meinung waren der jetzige Zeitpunkt sei gerade ung\u00fcnstig?<\/p>\n<p>Schritte, die uns wirklich in unserem eigenen Leben voranbringen k\u00f6nnen, unterlassen wir oft aus genau diesem Grund. Wer zu lange auf den &#8222;richtigen&#8220; Zeitpunkt wartet, in dem er alles erreichen k\u00f6nnte, verpasst den Zeitpunkt, in dem er alles erreichen kann.<\/p>\n<p><iframe loading=\"lazy\" style=\"border: 2px solid #2ec4c9;\" src=\"https:\/\/www.youtube.com\/embed\/hJvSPCVexbo?rel=0&amp;controls=0&amp;showinfo=0\" allowfullscreen=\"allowfullscreen\" width=\"560\" height=\"315\" frameborder=\"0\"><\/iframe><a href=\"https:\/\/tobi-kurz.de\/wp-content\/uploads\/2015\/09\/rand_unten.png\"><img loading=\"lazy\" class=\"size-full wp-image-703 aligncenter\" src=\"https:\/\/tobi-kurz.de\/wp-content\/uploads\/2015\/09\/rand_unten.png\" alt=\"rand_unten\" width=\"610\" height=\"39\" srcset=\"https:\/\/tobi-kurz.de\/wp-content\/uploads\/2015\/09\/rand_unten.png 610w, https:\/\/tobi-kurz.de\/wp-content\/uploads\/2015\/09\/rand_unten-300x19.png 300w, https:\/\/tobi-kurz.de\/wp-content\/uploads\/2015\/09\/rand_unten-550x35.png 550w, https:\/\/tobi-kurz.de\/wp-content\/uploads\/2015\/09\/rand_unten-230x15.png 230w\" sizes=\"(max-width: 610px) 100vw, 610px\" \/><\/a><\/p>\n<p align=\"justify\"><strong>Verschieben Sie Ihre W\u00fcnsche, Ihre Tr\u00e4ume, Ihre Hoffnungen und Ihre Ziele nicht auf einen Zeitpunkt in der Zukunft,<br \/>\nnur um dann sp\u00e4ter zu festzustellen, dass Sie diese verloren haben.<\/strong><\/p>\n<h6>Hier ein tolles Video zum Thema Wertsch\u00e4tzung der eigenen Pers\u00f6nlichkeit<\/h6>\n<p>von dem gro\u00dfartigen Kabarettisten Georg Schramm. &#8211; Du bist ein Sieger!<\/p>\n<p><iframe loading=\"lazy\" style=\"border: 2px solid #2ec4c9;\" src=\"https:\/\/www.youtube.com\/embed\/aQMVdIySaxE?rel=0&amp;controls=0&amp;showinfo=0\" allowfullscreen=\"allowfullscreen\" width=\"420\" height=\"315\" frameborder=\"0\"><\/iframe><a href=\"https:\/\/tobi-kurz.de\/wp-content\/uploads\/2015\/09\/rand_unten.png\"><img loading=\"lazy\" class=\"size-full wp-image-703 aligncenter\" src=\"https:\/\/tobi-kurz.de\/wp-content\/uploads\/2015\/09\/rand_unten.png\" alt=\"rand_unten\" width=\"610\" height=\"39\" srcset=\"https:\/\/tobi-kurz.de\/wp-content\/uploads\/2015\/09\/rand_unten.png 610w, https:\/\/tobi-kurz.de\/wp-content\/uploads\/2015\/09\/rand_unten-300x19.png 300w, https:\/\/tobi-kurz.de\/wp-content\/uploads\/2015\/09\/rand_unten-550x35.png 550w, https:\/\/tobi-kurz.de\/wp-content\/uploads\/2015\/09\/rand_unten-230x15.png 230w\" sizes=\"(max-width: 610px) 100vw, 610px\" \/><\/a><\/p>\n<h6>HANDELN SIE JETZT &#8211; und SOFORT!<\/h6>\n<p><strong>Tragen Sie jetzt hier Ihre Daten ein und holen Sie sich die Informationen f\u00fcr Ihren eigenen Erfolg!<\/strong><\/p>\n<p><a href=\"https:\/\/tobi-kurz.de\/wp-content\/uploads\/2015\/08\/pfeilRunter.gif\"><img loading=\"lazy\" class=\"alignnone size-full wp-image-325\" src=\"https:\/\/tobi-kurz.de\/wp-content\/uploads\/2015\/08\/pfeilRunter.gif\" alt=\"pfeilRunter\" width=\"20\" height=\"60\"><\/a><a href=\"https:\/\/tobi-kurz.de\/wp-content\/uploads\/2015\/08\/pfeilRunter.gif\"> &nbsp;&nbsp; <img loading=\"lazy\" class=\"alignnone size-full wp-image-325\" src=\"https:\/\/tobi-kurz.de\/wp-content\/uploads\/2015\/08\/pfeilRunter.gif\" alt=\"pfeilRunter\" width=\"20\" height=\"60\"><\/a><a href=\"https:\/\/tobi-kurz.de\/wp-content\/uploads\/2015\/08\/pfeilRunter.gif\">&nbsp;&nbsp;&nbsp; <img loading=\"lazy\" class=\"alignnone size-full wp-image-325\" src=\"https:\/\/tobi-kurz.de\/wp-content\/uploads\/2015\/08\/pfeilRunter.gif\" alt=\"pfeilRunter\" width=\"20\" height=\"60\"><\/a><a href=\"https:\/\/tobi-kurz.de\/wp-content\/uploads\/2015\/08\/pfeilRunter.gif\">&nbsp;&nbsp;&nbsp; <img loading=\"lazy\" class=\"alignnone size-full wp-image-325\" src=\"https:\/\/tobi-kurz.de\/wp-content\/uploads\/2015\/08\/pfeilRunter.gif\" alt=\"pfeilRunter\" width=\"20\" height=\"60\"><\/a><a href=\"https:\/\/tobi-kurz.de\/wp-content\/uploads\/2015\/08\/pfeilRunter.gif\">&nbsp;&nbsp;&nbsp; <img loading=\"lazy\" class=\"alignnone size-full wp-image-325\" src=\"https:\/\/tobi-kurz.de\/wp-content\/uploads\/2015\/08\/pfeilRunter.gif\" alt=\"pfeilRunter\" width=\"20\" height=\"60\"><\/a><a href=\"https:\/\/tobi-kurz.de\/wp-content\/uploads\/2015\/08\/pfeilRunter.gif\">&nbsp;&nbsp;&nbsp; <img loading=\"lazy\" class=\"alignnone size-full wp-image-325\" src=\"https:\/\/tobi-kurz.de\/wp-content\/uploads\/2015\/08\/pfeilRunter.gif\" alt=\"pfeilRunter\" width=\"20\" height=\"60\"><\/a><a href=\"https:\/\/tobi-kurz.de\/wp-content\/uploads\/2015\/08\/pfeilRunter.gif\">&nbsp;&nbsp;&nbsp; <img loading=\"lazy\" class=\"alignnone size-full wp-image-325\" src=\"https:\/\/tobi-kurz.de\/wp-content\/uploads\/2015\/08\/pfeilRunter.gif\" alt=\"pfeilRunter\" width=\"20\" height=\"60\"><\/a><a href=\"https:\/\/tobi-kurz.de\/wp-content\/uploads\/2015\/08\/pfeilRunter.gif\">&nbsp;&nbsp;&nbsp; <img loading=\"lazy\" class=\"alignnone size-full wp-image-325\" src=\"https:\/\/tobi-kurz.de\/wp-content\/uploads\/2015\/08\/pfeilRunter.gif\" alt=\"pfeilRunter\" width=\"20\" height=\"60\"><\/a><\/p>\n<div class=\"wpforms-container wpforms-container-full\" id=\"wpforms-967\"><form id=\"wpforms-form-967\" class=\"wpforms-validate wpforms-form\" data-formid=\"967\" method=\"post\" enctype=\"multipart\/form-data\" action=\"\/index.php\/wp-json\/wp\/v2\/pages\/682\" data-token=\"68543cd726b1ca97e33289c49aabf2a2\"><noscript class=\"wpforms-error-noscript\">Bitte aktiviere JavaScript in deinem Browser, um dieses Formular fertigzustellen.<\/noscript><div class=\"wpforms-field-container\"><div id=\"wpforms-967-field_2-container\" class=\"wpforms-field wpforms-field-name\" data-field-id=\"2\"><label class=\"wpforms-field-label\" for=\"wpforms-967-field_2\">Name <span class=\"wpforms-required-label\">*<\/span><\/label><div class=\"wpforms-field-row wpforms-field-large\"><div class=\"wpforms-field-row-block wpforms-first wpforms-one-half\"><input type=\"text\" id=\"wpforms-967-field_2\" class=\"wpforms-field-name-first wpforms-field-required\" name=\"wpforms[fields][2][first]\" placeholder=\"Vorname\" required><label for=\"wpforms-967-field_2\" class=\"wpforms-field-sublabel after wpforms-sublabel-hide\">Vorname<\/label><\/div><div class=\"wpforms-field-row-block wpforms-one-half\"><input type=\"text\" id=\"wpforms-967-field_2-last\" class=\"wpforms-field-name-last wpforms-field-required\" name=\"wpforms[fields][2][last]\" placeholder=\"Familienname\" required><label for=\"wpforms-967-field_2-last\" class=\"wpforms-field-sublabel after wpforms-sublabel-hide\">Nachname<\/label><\/div><\/div><\/div><div id=\"wpforms-967-field_3-container\" class=\"wpforms-field wpforms-field-email\" data-field-id=\"3\"><label class=\"wpforms-field-label\" for=\"wpforms-967-field_3\">E-Mail <span class=\"wpforms-required-label\">*<\/span><\/label><input type=\"email\" id=\"wpforms-967-field_3\" class=\"wpforms-field-medium wpforms-field-required\" name=\"wpforms[fields][3]\" placeholder=\"An welche e-Post Adresse d\u00fcrfen wir Ihnen antworten?\" required><\/div><div id=\"wpforms-967-field_4-container\" class=\"wpforms-field wpforms-field-phone\" data-field-id=\"4\"><label class=\"wpforms-field-label\" for=\"wpforms-967-field_4\">Telefonnummer<\/label><input type=\"tel\" id=\"wpforms-967-field_4\" class=\"wpforms-field-medium\" data-rule-int-phone-field=\"true\" name=\"wpforms[fields][4]\" placeholder=\"F\u00fcr einen gew\u00fcnschten R\u00fcckruf\" ><\/div><div id=\"wpforms-967-field_5-container\" class=\"wpforms-field wpforms-field-checkbox wpforms-conditional-trigger\" data-field-id=\"5\"><label class=\"wpforms-field-label\" for=\"wpforms-967-field_5\">R\u00fcckruf erw\u00fcnscht?<\/label><ul id=\"wpforms-967-field_5\"><li class=\"choice-1 depth-1\"><input type=\"checkbox\" id=\"wpforms-967-field_5_1\" name=\"wpforms[fields][5][]\" value=\"Ja, bitte rufen Sie mich zur\u00fcck.\"  ><label class=\"wpforms-field-label-inline\" for=\"wpforms-967-field_5_1\">Ja, bitte rufen Sie mich zur\u00fcck.<\/label><\/li><\/ul><\/div><div id=\"wpforms-967-field_6-container\" class=\"wpforms-field wpforms-field-date-time wpforms-conditional-field wpforms-conditional-show\" data-field-id=\"6\" style=\"display:none;\"><label class=\"wpforms-field-label\" for=\"wpforms-967-field_6\">Datum\/Zeit<\/label><div class=\"wpforms-field-row wpforms-field-medium\"><div class=\"wpforms-field-row-block wpforms-one-half wpforms-first\"><div class=\"wpforms-datepicker-wrap\"><input type=\"text\" id=\"wpforms-967-field_6\" class=\"wpforms-field-date-time-date wpforms-datepicker\" data-date-format=\"d\/m\/Y\" data-disable-past-dates=\"0\" data-input=\"true\" name=\"wpforms[fields][6][date]\" placeholder=\"Datum\" ><a title=\"Datum leeren\" data-clear class=\"wpforms-datepicker-clear\" style=\"display:none;\"><\/a><\/div><label for=\"wpforms-967-field_6\" class=\"wpforms-field-sublabel after wpforms-sublabel-hide\">Datum<\/label><\/div><div class=\"wpforms-field-row-block wpforms-one-half\"><input type=\"text\" id=\"wpforms-967-field_6-time\" class=\"wpforms-field-date-time-time wpforms-timepicker\" data-rule-time24h=\"true\" data-time-format=\"H:i\" data-step=\"15\" data-min-time=\"09:00\" data-max-time=\"21:00\" name=\"wpforms[fields][6][time]\" placeholder=\"Uhrzeit\" ><label for=\"wpforms-967-field_6-time\" class=\"wpforms-field-sublabel after wpforms-sublabel-hide\">Zeit<\/label><\/div><\/div><\/div><div id=\"wpforms-967-field_1-container\" class=\"wpforms-field wpforms-field-text\" data-field-id=\"1\"><label class=\"wpforms-field-label\" for=\"wpforms-967-field_1\">Betreff<\/label><input type=\"text\" id=\"wpforms-967-field_1\" class=\"wpforms-field-medium\" name=\"wpforms[fields][1]\" placeholder=\"Was ist Ihr Anliegen?\" ><\/div><div id=\"wpforms-967-field_7-container\" class=\"wpforms-field wpforms-field-textarea\" data-field-id=\"7\"><label class=\"wpforms-field-label\" for=\"wpforms-967-field_7\">Ihre Nachricht<\/label><textarea id=\"wpforms-967-field_7\" class=\"wpforms-field-medium\" name=\"wpforms[fields][7]\" ><\/textarea><\/div><div id=\"wpforms-967-field_8-container\" class=\"wpforms-field wpforms-field-captcha\" data-field-id=\"8\"><label class=\"wpforms-field-label\" for=\"wpforms-967-field_8\">Captcha <span class=\"wpforms-required-label\">*<\/span><\/label>\n\t\t\t<p class=\"wpforms-captcha-question\">Wieviele Bundesl\u00e4nder hat die BRiD?<\/p>\n\n\t\t\t<input type=\"text\" id=\"wpforms-967-field_8\" class=\"wpforms-field-medium wpforms-field-required a\" data-rule-wpf-captcha=\"qa\" data-a=\"sechzehn\" name=\"wpforms[fields][8][a]\" placeholder=\"bitte als Wort ausf\u00fcllen\" required>\n\t\t\t<input type=\"hidden\" name=\"wpforms[fields][8][q]\" value=\"1\">\n\n\t\t\t<\/div><div id=\"wpforms-967-field_9-container\" class=\"wpforms-field wpforms-field-gdpr-checkbox\" data-field-id=\"9\"><label class=\"wpforms-field-label\" for=\"wpforms-967-field_9\">DSGVO-Einverst\u00e4ndnis <span class=\"wpforms-required-label\">*<\/span><\/label><ul id=\"wpforms-967-field_9\" class=\"wpforms-field-required\"><li class=\"choice-1\"><input type=\"checkbox\" id=\"wpforms-967-field_9_1\" name=\"wpforms[fields][9][]\" value=\"Ich willige ein, dass diese Website meine \u00fcbermittelten Informationen speichert, sodass meine Anfrage beantwortet werden kann.\" required ><label class=\"wpforms-field-label-inline\" for=\"wpforms-967-field_9_1\">Ich willige ein, dass diese Website meine \u00fcbermittelten Informationen speichert, sodass meine Anfrage beantwortet werden kann.<\/label><\/li><\/ul><\/div><\/div><div class=\"wpforms-submit-container\" ><input type=\"hidden\" name=\"wpforms[id]\" value=\"967\"><input type=\"hidden\" name=\"wpforms[author]\" value=\"1\"><button type=\"submit\" name=\"wpforms[submit]\" class=\"wpforms-submit \" id=\"wpforms-submit-967\" value=\"wpforms-submit\" aria-live=\"assertive\" data-alt-text=\"Senden...\" data-submit-text=\"Absenden\">Absenden<\/button><\/div><\/form><\/div>  <!-- .wpforms-container -->\n","protected":false},"excerpt":{"rendered":"<p>zum Beginn Ihrer erfolgreichen Zukunft ist HEUTE und JETZT! Warten auch Sie immer noch auf den richtigen Zeitpunkt, um das zu tun, was zu tun w\u00e4re, um den Erfolg zu haben, den Sie gerne h\u00e4tten? Wie viele Ideen und Gedanken haben Sie schon zu Grabe getragen, nur weil Sie (oder Ihr Umfeld) der Meinung waren [&hellip;]<\/p>\n","protected":false},"author":1,"featured_media":0,"parent":0,"menu_order":0,"comment_status":"closed","ping_status":"closed","template":"","meta":[],"_links":{"self":[{"href":"https:\/\/tobi-kurz.de\/index.php\/wp-json\/wp\/v2\/pages\/682"}],"collection":[{"href":"https:\/\/tobi-kurz.de\/index.php\/wp-json\/wp\/v2\/pages"}],"about":[{"href":"https:\/\/tobi-kurz.de\/index.php\/wp-json\/wp\/v2\/types\/page"}],"author":[{"embeddable":true,"href":"https:\/\/tobi-kurz.de\/index.php\/wp-json\/wp\/v2\/users\/1"}],"replies":[{"embeddable":true,"href":"https:\/\/tobi-kurz.de\/index.php\/wp-json\/wp\/v2\/comments?post=682"}],"version-history":[{"count":22,"href":"https:\/\/tobi-kurz.de\/index.php\/wp-json\/wp\/v2\/pages\/682\/revisions"}],"predecessor-version":[{"id":1007,"href":"https:\/\/tobi-kurz.de\/index.php\/wp-json\/wp\/v2\/pages\/682\/revisions\/1007"}],"wp:attachment":[{"href":"https:\/\/tobi-kurz.de\/index.php\/wp-json\/wp\/v2\/media?parent=682"}],"curies":[{"name":"wp","href":"https:\/\/api.w.org\/{rel}","templated":true}]}}